{"id":1139,"date":"2023-01-11T15:48:17","date_gmt":"2023-01-11T14:48:17","guid":{"rendered":"https:\/\/casalino18.it\/beispielseite\/"},"modified":"2023-05-09T09:39:26","modified_gmt":"2023-05-09T07:39:26","slug":"beispielseite","status":"publish","type":"page","link":"https:\/\/casalino18.it\/de\/beispielseite\/","title":{"rendered":"Beispielseite"},"content":{"rendered":"\n<p>Dies ist eine Beispielseite. Er unterscheidet sich von einem Blogartikel dadurch, dass er immer an der gleichen Stelle bleibt und (bei vielen Themes) im Navigationsmen\u00fc erscheint. Viele Menschen beginnen mit einer Informationsseite, die sie den Besuchern der Website vorstellt. So k\u00f6nnte eine Pr\u00e4sentation aussehen:<\/p>\n\n<blockquote class=\"wp-block-quote is-layout-flow wp-block-quote-is-layout-flow\"><p>Auf Wiedersehen! Tags\u00fcber bin ich Fahrradkurier, nachts aufstrebender Schauspieler und dies ist meine Website. Ich lebe in Los Angeles, ich habe einen gro\u00dfen Hund namens Jack und ich mag Pi\u00f1a Coladas. (Und nimm den Regen)<\/p><\/blockquote>\n\n<p>&#8230;oder etwas \u00c4hnliches:<\/p>\n\n<blockquote class=\"wp-block-quote is-layout-flow wp-block-quote-is-layout-flow\"><p>Das Unternehmen XYZ Fittings wurde 1971 gegr\u00fcndet und beliefert seither die \u00d6ffentlichkeit mit qualitativ hochwertigen Armaturen. XYZ hat seinen Sitz im Fantasiland und besch\u00e4ftigt mehr als 2.000 Mitarbeiter, die alle m\u00f6glichen fantastischen Erfindungen f\u00fcr das Fantasiland herstellen.<\/p><\/blockquote>\n\n<p>Als neuer WordPress-Benutzer sollten Sie zu Ihrem <a href=\"https:\/\/casalino18.it\/wp-admin\/\">Dashboard<\/a> gehen, um diese Seite zu l\u00f6schen und eine neue f\u00fcr Ihren Inhalt zu erstellen. Viel Spa\u00df!<\/p>\n","protected":false},"excerpt":{"rendered":"<p>Dies ist eine Beispielseite. Er unterscheidet sich von einem Blogartikel dadurch, dass er immer an der gleichen Stelle bleibt und (bei vielen Themes) im Navigationsmen\u00fc erscheint. Viele Menschen beginnen mit einer Informationsseite, die sie den Besuchern der Website vorstellt. So k\u00f6nnte eine Pr\u00e4sentation aussehen: Auf Wiedersehen! Tags\u00fcber bin ich Fahrradkurier, nachts aufstrebender Schauspieler und dies [&hellip;]<\/p>\n","protected":false},"author":1,"featured_media":0,"parent":0,"menu_order":0,"comment_status":"closed","ping_status":"open","template":"","meta":{"_acf_changed":false,"_et_pb_use_builder":"","_et_pb_old_content":"","_et_gb_content_width":"","footnotes":""},"class_list":["post-1139","page","type-page","status-publish","hentry"],"acf":[],"yoast_head":"<!-- This site is optimized with the Yoast SEO plugin v26.2 - https:\/\/yoast.com\/wordpress\/plugins\/seo\/ -->\n<title>Beispielseite - Agriturismo Casalino18<\/title>\n<meta name=\"robots\" content=\"index, follow, max-snippet:-1, max-image-preview:large, max-video-preview:-1\" \/>\n<link rel=\"canonical\" href=\"https:\/\/casalino18.it\/de\/beispielseite\/\" \/>\n<meta property=\"og:locale\" content=\"de_DE\" \/>\n<meta property=\"og:type\" content=\"article\" \/>\n<meta property=\"og:title\" content=\"Beispielseite - Agriturismo Casalino18\" \/>\n<meta property=\"og:description\" content=\"Dies ist eine Beispielseite. Er unterscheidet sich von einem Blogartikel dadurch, dass er immer an der gleichen Stelle bleibt und (bei vielen Themes) im Navigationsmen\u00fc erscheint. Viele Menschen beginnen mit einer Informationsseite, die sie den Besuchern der Website vorstellt. So k\u00f6nnte eine Pr\u00e4sentation aussehen: Auf Wiedersehen! Tags\u00fcber bin ich Fahrradkurier, nachts aufstrebender Schauspieler und dies [&hellip;]\" \/>\n<meta property=\"og:url\" content=\"https:\/\/casalino18.it\/de\/beispielseite\/\" \/>\n<meta property=\"og:site_name\" content=\"Agriturismo Casalino18\" \/>\n<meta property=\"article:modified_time\" content=\"2023-05-09T07:39:26+00:00\" \/>\n<meta name=\"twitter:card\" content=\"summary_large_image\" \/>\n<meta name=\"twitter:label1\" content=\"Gesch\u00e4tzte Lesezeit\" \/>\n\t<meta name=\"twitter:data1\" content=\"1\u00a0Minute\" \/>\n<script type=\"application\/ld+json\" class=\"yoast-schema-graph\">{\"@context\":\"https:\/\/schema.org\",\"@graph\":[{\"@type\":\"WebPage\",\"@id\":\"https:\/\/casalino18.it\/de\/beispielseite\/\",\"url\":\"https:\/\/casalino18.it\/de\/beispielseite\/\",\"name\":\"Beispielseite - Agriturismo Casalino18\",\"isPartOf\":{\"@id\":\"https:\/\/casalino18.it\/de\/#website\"},\"datePublished\":\"2023-01-11T14:48:17+00:00\",\"dateModified\":\"2023-05-09T07:39:26+00:00\",\"breadcrumb\":{\"@id\":\"https:\/\/casalino18.it\/de\/beispielseite\/#breadcrumb\"},\"inLanguage\":\"de\",\"potentialAction\":[{\"@type\":\"ReadAction\",\"target\":[\"https:\/\/casalino18.it\/de\/beispielseite\/\"]}]},{\"@type\":\"BreadcrumbList\",\"@id\":\"https:\/\/casalino18.it\/de\/beispielseite\/#breadcrumb\",\"itemListElement\":[{\"@type\":\"ListItem\",\"position\":1,\"name\":\"Home\",\"item\":\"https:\/\/casalino18.it\/de\/\"},{\"@type\":\"ListItem\",\"position\":2,\"name\":\"Beispielseite\"}]},{\"@type\":\"WebSite\",\"@id\":\"https:\/\/casalino18.it\/de\/#website\",\"url\":\"https:\/\/casalino18.it\/de\/\",\"name\":\"Agriturismo Casalino18\",\"description\":\"Agriturismo Casalino18\",\"publisher\":{\"@id\":\"https:\/\/casalino18.it\/de\/#organization\"},\"potentialAction\":[{\"@type\":\"SearchAction\",\"target\":{\"@type\":\"EntryPoint\",\"urlTemplate\":\"https:\/\/casalino18.it\/de\/?s={search_term_string}\"},\"query-input\":{\"@type\":\"PropertyValueSpecification\",\"valueRequired\":true,\"valueName\":\"search_term_string\"}}],\"inLanguage\":\"de\"},{\"@type\":\"Organization\",\"@id\":\"https:\/\/casalino18.it\/de\/#organization\",\"name\":\"Agriturismo Casalino18\",\"url\":\"https:\/\/casalino18.it\/de\/\",\"logo\":{\"@type\":\"ImageObject\",\"inLanguage\":\"de\",\"@id\":\"https:\/\/casalino18.it\/de\/#\/schema\/logo\/image\/\",\"url\":\"https:\/\/i0.wp.com\/casalino18.it\/wp-content\/uploads\/2023\/02\/log-def1.png?fit=5333%2C4266&ssl=1\",\"contentUrl\":\"https:\/\/i0.wp.com\/casalino18.it\/wp-content\/uploads\/2023\/02\/log-def1.png?fit=5333%2C4266&ssl=1\",\"width\":5333,\"height\":4266,\"caption\":\"Agriturismo Casalino18\"},\"image\":{\"@id\":\"https:\/\/casalino18.it\/de\/#\/schema\/logo\/image\/\"}}]}<\/script>\n<!-- \/ Yoast SEO plugin. -->","yoast_head_json":{"title":"Beispielseite - Agriturismo Casalino18","robots":{"index":"index","follow":"follow","max-snippet":"max-snippet:-1","max-image-preview":"max-image-preview:large","max-video-preview":"max-video-preview:-1"},"canonical":"https:\/\/casalino18.it\/de\/beispielseite\/","og_locale":"de_DE","og_type":"article","og_title":"Beispielseite - Agriturismo Casalino18","og_description":"Dies ist eine Beispielseite. Er unterscheidet sich von einem Blogartikel dadurch, dass er immer an der gleichen Stelle bleibt und (bei vielen Themes) im Navigationsmen\u00fc erscheint. Viele Menschen beginnen mit einer Informationsseite, die sie den Besuchern der Website vorstellt. So k\u00f6nnte eine Pr\u00e4sentation aussehen: Auf Wiedersehen! Tags\u00fcber bin ich Fahrradkurier, nachts aufstrebender Schauspieler und dies [&hellip;]","og_url":"https:\/\/casalino18.it\/de\/beispielseite\/","og_site_name":"Agriturismo Casalino18","article_modified_time":"2023-05-09T07:39:26+00:00","twitter_card":"summary_large_image","twitter_misc":{"Gesch\u00e4tzte Lesezeit":"1\u00a0Minute"},"schema":{"@context":"https:\/\/schema.org","@graph":[{"@type":"WebPage","@id":"https:\/\/casalino18.it\/de\/beispielseite\/","url":"https:\/\/casalino18.it\/de\/beispielseite\/","name":"Beispielseite - Agriturismo Casalino18","isPartOf":{"@id":"https:\/\/casalino18.it\/de\/#website"},"datePublished":"2023-01-11T14:48:17+00:00","dateModified":"2023-05-09T07:39:26+00:00","breadcrumb":{"@id":"https:\/\/casalino18.it\/de\/beispielseite\/#breadcrumb"},"inLanguage":"de","potentialAction":[{"@type":"ReadAction","target":["https:\/\/casalino18.it\/de\/beispielseite\/"]}]},{"@type":"BreadcrumbList","@id":"https:\/\/casalino18.it\/de\/beispielseite\/#breadcrumb","itemListElement":[{"@type":"ListItem","position":1,"name":"Home","item":"https:\/\/casalino18.it\/de\/"},{"@type":"ListItem","position":2,"name":"Beispielseite"}]},{"@type":"WebSite","@id":"https:\/\/casalino18.it\/de\/#website","url":"https:\/\/casalino18.it\/de\/","name":"Agriturismo Casalino18","description":"Agriturismo Casalino18","publisher":{"@id":"https:\/\/casalino18.it\/de\/#organization"},"potentialAction":[{"@type":"SearchAction","target":{"@type":"EntryPoint","urlTemplate":"https:\/\/casalino18.it\/de\/?s={search_term_string}"},"query-input":{"@type":"PropertyValueSpecification","valueRequired":true,"valueName":"search_term_string"}}],"inLanguage":"de"},{"@type":"Organization","@id":"https:\/\/casalino18.it\/de\/#organization","name":"Agriturismo Casalino18","url":"https:\/\/casalino18.it\/de\/","logo":{"@type":"ImageObject","inLanguage":"de","@id":"https:\/\/casalino18.it\/de\/#\/schema\/logo\/image\/","url":"https:\/\/i0.wp.com\/casalino18.it\/wp-content\/uploads\/2023\/02\/log-def1.png?fit=5333%2C4266&ssl=1","contentUrl":"https:\/\/i0.wp.com\/casalino18.it\/wp-content\/uploads\/2023\/02\/log-def1.png?fit=5333%2C4266&ssl=1","width":5333,"height":4266,"caption":"Agriturismo Casalino18"},"image":{"@id":"https:\/\/casalino18.it\/de\/#\/schema\/logo\/image\/"}}]}},"jetpack_sharing_enabled":true,"_links":{"self":[{"href":"https:\/\/casalino18.it\/de\/wp-json\/wp\/v2\/pages\/1139","targetHints":{"allow":["GET"]}}],"collection":[{"href":"https:\/\/casalino18.it\/de\/wp-json\/wp\/v2\/pages"}],"about":[{"href":"https:\/\/casalino18.it\/de\/wp-json\/wp\/v2\/types\/page"}],"author":[{"embeddable":true,"href":"https:\/\/casalino18.it\/de\/wp-json\/wp\/v2\/users\/1"}],"replies":[{"embeddable":true,"href":"https:\/\/casalino18.it\/de\/wp-json\/wp\/v2\/comments?post=1139"}],"version-history":[{"count":2,"href":"https:\/\/casalino18.it\/de\/wp-json\/wp\/v2\/pages\/1139\/revisions"}],"predecessor-version":[{"id":1154,"href":"https:\/\/casalino18.it\/de\/wp-json\/wp\/v2\/pages\/1139\/revisions\/1154"}],"wp:attachment":[{"href":"https:\/\/casalino18.it\/de\/wp-json\/wp\/v2\/media?parent=1139"}],"curies":[{"name":"wp","href":"https:\/\/api.w.org\/{rel}","templated":true}]}}